{"id":4949,"date":"2025-12-04T12:23:41","date_gmt":"2025-12-04T17:23:41","guid":{"rendered":"https:\/\/shapirocanada.ca\/product\/chou-hache-verdiful\/"},"modified":"2025-12-04T12:23:41","modified_gmt":"2025-12-04T17:23:41","slug":"chou-hache-verdiful","status":"publish","type":"product","link":"https:\/\/shapirocanada.ca\/fr\/produit\/chou-hache-verdiful\/","title":{"rendered":"Chou hach\u00e9 Verdiful"},"content":{"rendered":"<p data-start=\"607\" data-end=\"975\">Le chou vert hach\u00e9 Verdiful est un chou fra\u00eechement coup\u00e9, soigneusement lav\u00e9 et pr\u00eat \u00e0 l&#8217;emploi, id\u00e9al pour la cuisine de tous les jours. Ce chou hach\u00e9 doux et terreux offre une excellente polyvalence, parfait pour les salades, les saut\u00e9s, les soupes, les plats \u00e0 cuisson lente et les pr\u00e9parations marin\u00e9es. Avec une texture croquante et une saveur propre, il constitue une base fiable pour d&rsquo;innombrables recettes.  <\/p>\n<p data-start=\"977\" data-end=\"1221\">Contrairement \u00e0 d&rsquo;autres l\u00e9gumes-feuilles, le chou est appr\u00e9ci\u00e9 pour sa disponibilit\u00e9 et sa durabilit\u00e9 tout au long de l&rsquo;ann\u00e9e, ce qui en fait un aliment de base dans de nombreuses traditions culinaires. Le chou vert hach\u00e9 Verdiful offre une qualit\u00e9 constante, qu&rsquo;il soit utilis\u00e9 cru, cuit ou ferment\u00e9. <\/p>\n<p data-start=\"1223\" data-end=\"1462\">Fabriqu\u00e9 au Canada avec des produits canadiens, et fabriqu\u00e9 et distribu\u00e9 par <strong data-start=\"1296\" data-end=\"1319\">Shapiro Fruits Inc.<\/strong>, ce produit fra\u00eechement coup\u00e9 est pr\u00e9par\u00e9 selon des normes strictes de qualit\u00e9 et de s\u00e9curit\u00e9 alimentaire afin de garantir la saveur, la fra\u00eecheur et la fiabilit\u00e9 de chaque sac.<\/p>\n<p data-start=\"1464\" data-end=\"1521\"><strong data-start=\"1464\" data-end=\"1521\">Conserver au r\u00e9frig\u00e9rateur entre 2 \u00b0C et 4 \u00b0C (36 \u00b0F \u00e0 39 \u00b0F).<\/strong><\/p>\n","protected":false},"excerpt":{"rendered":"<p>Chou vert hach\u00e9 fra\u00eechement coup\u00e9 et soigneusement lav\u00e9, croquant, doux et pr\u00eat \u00e0 l&#8217;emploi. Id\u00e9al pour les salades, les soupes, les saut\u00e9s et les plats marin\u00e9s. Fabriqu\u00e9 au Canada et distribu\u00e9 par Shapiro Fruits Inc.  <\/p>\n","protected":false},"featured_media":4683,"comment_status":"open","ping_status":"closed","template":"","meta":{"_monsterinsights_skip_tracking":false,"_monsterinsights_sitenote_active":false,"_monsterinsights_sitenote_note":"","_monsterinsights_sitenote_category":0},"product_brand":[27],"product_cat":[94,90,89],"product_tag":[135,134,111,120,113,136,114,119,95],"class_list":{"0":"post-4949","1":"product","2":"type-product","3":"status-publish","4":"has-post-thumbnail","6":"product_brand-verdiful","7":"product_cat-fraichement-coupe","8":"product_cat-pret-a-consommer","9":"product_cat-produits-frais","10":"product_tag-chou-fraichement-coupe","11":"product_tag-chou-hache","12":"product_tag-chou-vert","13":"product_tag-legumes-prets-a-lemploi","14":"product_tag-legumes-rapes","15":"product_tag-melange-de-choux","16":"product_tag-produits-frais","17":"product_tag-shapiro-fruits-inc","18":"product_tag-verdiful","20":"first","21":"instock","22":"taxable","23":"shipping-taxable","24":"product-type-simple"},"aioseo_notices":[],"_links":{"self":[{"href":"https:\/\/shapirocanada.ca\/fr\/wp-json\/wp\/v2\/product\/4949","targetHints":{"allow":["GET"]}}],"collection":[{"href":"https:\/\/shapirocanada.ca\/fr\/wp-json\/wp\/v2\/product"}],"about":[{"href":"https:\/\/shapirocanada.ca\/fr\/wp-json\/wp\/v2\/types\/product"}],"replies":[{"embeddable":true,"href":"https:\/\/shapirocanada.ca\/fr\/wp-json\/wp\/v2\/comments?post=4949"}],"wp:featuredmedia":[{"embeddable":true,"href":"https:\/\/shapirocanada.ca\/fr\/wp-json\/wp\/v2\/media\/4683"}],"wp:attachment":[{"href":"https:\/\/shapirocanada.ca\/fr\/wp-json\/wp\/v2\/media?parent=4949"}],"wp:term":[{"taxonomy":"product_brand","embeddable":true,"href":"https:\/\/shapirocanada.ca\/fr\/wp-json\/wp\/v2\/product_brand?post=4949"},{"taxonomy":"product_cat","embeddable":true,"href":"https:\/\/shapirocanada.ca\/fr\/wp-json\/wp\/v2\/product_cat?post=4949"},{"taxonomy":"product_tag","embeddable":true,"href":"https:\/\/shapirocanada.ca\/fr\/wp-json\/wp\/v2\/product_tag?post=4949"}],"curies":[{"name":"wp","href":"https:\/\/api.w.org\/{rel}","templated":true}]}}